{"id":630,"date":"2024-03-24T10:51:06","date_gmt":"2024-03-24T16:51:06","guid":{"rendered":"https:\/\/www.consejodecuencalermachapala.com\/home\/register\/"},"modified":"2024-03-24T14:58:22","modified_gmt":"2024-03-24T20:58:22","slug":"registro","status":"publish","type":"page","link":"https:\/\/www.consejodecuencalermachapala.com\/home\/registro\/","title":{"rendered":"Registro"},"content":{"rendered":"\n<div class=\"um um-register um-638\">\n\t<div class=\"um-form\" data-mode=\"register\">\n\t\t<form method=\"post\" action=\"\">\n\t\t\t<div class=\"um-row _um_row_1 \" style=\"margin: 0 0 30px 0;\"><div class=\"um-col-1\"><div  id=\"um_field_638_first_name\" class=\"um-field um-field-text  um-field-first_name um-field-text um-field-type_text\" data-key=\"first_name\"><div class=\"um-field-label\"><label for=\"first_name-638\">Nombre<\/label><div class=\"um-clear\"><\/div><\/div><div class=\"um-field-area\"><input  autocomplete=\"off\" class=\"um-form-field valid \" type=\"text\" name=\"first_name-638\" id=\"first_name-638\" value=\"\" placeholder=\"\" data-validate=\"\" data-key=\"first_name\"  aria-invalid=\"false\" \/>\n\n\t\t\t\t\t\t<\/div><\/div><div  id=\"um_field_638_last_name\" class=\"um-field um-field-text  um-field-last_name um-field-text um-field-type_text\" data-key=\"last_name\"><div class=\"um-field-label\"><label for=\"last_name-638\">Apellidos<\/label><div class=\"um-clear\"><\/div><\/div><div class=\"um-field-area\"><input  autocomplete=\"off\" class=\"um-form-field valid \" type=\"text\" name=\"last_name-638\" id=\"last_name-638\" value=\"\" placeholder=\"\" data-validate=\"\" data-key=\"last_name\"  aria-invalid=\"false\" \/>\n\n\t\t\t\t\t\t<\/div><\/div><div  id=\"um_field_638_user_email\" class=\"um-field um-field-text  um-field-user_email um-field-text um-field-type_text\" data-key=\"user_email\"><div class=\"um-field-label\"><label for=\"user_email-638\">Direcci\u00f3n de correo electr\u00f3nico<\/label><div class=\"um-clear\"><\/div><\/div><div class=\"um-field-area\"><input  autocomplete=\"off\" class=\"um-form-field valid \" type=\"text\" name=\"user_email-638\" id=\"user_email-638\" value=\"\" placeholder=\"\" data-validate=\"unique_email\" data-key=\"user_email\"  aria-invalid=\"false\" \/>\n\n\t\t\t\t\t\t<\/div><\/div><div  id=\"um_field_638_dependencia_org\" class=\"um-field um-field-text  um-field-dependencia_org um-field-text um-field-type_text\" data-key=\"dependencia_org\"><div class=\"um-field-label\"><div class=\"um-field-label-icon\"><i class=\"um-faicon-institution\" aria-label=\"indicar a qu\u00e9 instituci\u00f3n, dependencia u organizaci\u00f3n perteneces\"><\/i><\/div><label for=\"dependencia_org-638\">indicar a qu\u00e9 instituci\u00f3n, dependencia u organizaci\u00f3n perteneces<\/label><span class=\"um-tip um-tip-w\" title=\"Texto opcional donde puedes indicar d\u00f3nde trabajas o en qu\u00e9 organizaci\u00f3n est\u00e1s. Incluye no gubernamentales\"><i class=\"um-icon-help-circled\"><\/i><\/span><div class=\"um-clear\"><\/div><\/div><div class=\"um-field-area\"><input  autocomplete=\"off\" class=\"um-form-field valid not-required \" type=\"text\" name=\"dependencia_org-638\" id=\"dependencia_org-638\" value=\"\" placeholder=\"\" data-validate=\"\" data-key=\"dependencia_org\"  aria-invalid=\"false\" \/>\n\n\t\t\t\t\t\t<\/div><\/div><div  id=\"um_field_638_estado\" class=\"um-field um-field-text  um-field-estado um-field-text um-field-type_text\" data-key=\"estado\"><div class=\"um-field-label\"><div class=\"um-field-label-icon\"><i class=\"um-icon-android-star-outline\" aria-label=\"Favor de indicar Estado o Provincia donde vives o en su caso, que representas\"><\/i><\/div><label for=\"estado-638\">Favor de indicar Estado o Provincia donde vives o en su caso, que representas<\/label><div class=\"um-clear\"><\/div><\/div><div class=\"um-field-area\"><input  autocomplete=\"off\" class=\"um-form-field valid not-required \" type=\"text\" name=\"estado-638\" id=\"estado-638\" value=\"\" placeholder=\"\" data-validate=\"alphabetic\" data-key=\"estado\"  aria-invalid=\"false\" \/>\n\n\t\t\t\t\t\t<\/div><\/div><div  id=\"um_field_638_municipio_alcaldia\" class=\"um-field um-field-text  um-field-municipio_alcaldia um-field-text um-field-type_text\" data-key=\"municipio_alcaldia\"><div class=\"um-field-label\"><label for=\"municipio_alcaldia-638\">Municipio o Alcald\u00eda<\/label><div class=\"um-clear\"><\/div><\/div><div class=\"um-field-area\"><input  autocomplete=\"off\" class=\"um-form-field valid not-required \" type=\"text\" name=\"municipio_alcaldia-638\" id=\"municipio_alcaldia-638\" value=\"\" placeholder=\"\" data-validate=\"\" data-key=\"municipio_alcaldia\"  aria-invalid=\"false\" \/>\n\n\t\t\t\t\t\t<\/div><\/div><div  id=\"um_field_638_username\" class=\"um-field um-field-text  um-field-username um-field-text um-field-type_text\" data-key=\"username\"><div class=\"um-field-label\"><label for=\"username-638\">Nombre de usuario o correo electr\u00f3nico<\/label><div class=\"um-clear\"><\/div><\/div><div class=\"um-field-area\"><input  autocomplete=\"off\" class=\"um-form-field valid \" type=\"text\" name=\"username-638\" id=\"username-638\" value=\"\" placeholder=\"\" data-validate=\"unique_username_or_email\" data-key=\"username\"  aria-invalid=\"false\" \/>\n\n\t\t\t\t\t\t<\/div><\/div><div  id=\"um_field_638_user_password\" class=\"um-field um-field-password  um-field-user_password um-field-password um-field-type_password\" data-key=\"user_password\"><div class=\"um-field-label\"><label for=\"user_password-638\">Contrase\u00f1a<\/label><div class=\"um-clear\"><\/div><\/div><div class=\"um-field-area\"><div class=\"um-field-area-password\">\n\t\t\t\t\t\t\t\t\t<input class=\"um-form-field valid \" type=\"password\" name=\"user_password-638\" id=\"user_password-638\" value=\"\" placeholder=\"\" data-validate=\"\" data-key=\"user_password\"  aria-invalid=\"false\" \/>\n\t\t\t\t\t\t\t\t\t<span class=\"um-toggle-password\"><i class=\"um-icon-eye\"><\/i><\/span>\n\t\t\t\t\t\t\t\t<\/div>\n\t\t\t\t\t\t\t<\/div><\/div><div  id=\"um_field_638_confirm_user_password\" class=\"um-field um-field-password  um-field-user_password um-field-password um-field-type_password\" data-key=\"confirm_user_password\"><div class=\"um-field-label\"><label for=\"confirm_user_password-638\">Confirmar la contrase\u00f1a<\/label><div class=\"um-clear\"><\/div><\/div><div class=\"um-field-area\"><div class=\"um-field-area-password\"><input class=\"um-form-field valid \" type=\"password\" name=\"confirm_user_password-638\" id=\"confirm_user_password-638\" value=\"\" placeholder=\"Confirmar la contrase\u00f1a\" data-validate=\"\" data-key=\"confirm_user_password\"  aria-invalid=\"false\" \/><span class=\"um-toggle-password\"><i class=\"um-icon-eye\"><\/i><\/span><\/div><\/div><\/div><\/div><\/div>\t\t<input type=\"hidden\" name=\"form_id\" id=\"form_id_638\" value=\"638\" \/>\n\t\n\t<p class=\"um_request_name\">\n\t\t<label for=\"um_request_638\">Only fill in if you are not human<\/label>\n\t\t<input type=\"hidden\" name=\"um_request\" id=\"um_request_638\" class=\"input\" value=\"\" size=\"25\" autocomplete=\"off\" \/>\n\t<\/p>\n\n\t<input type=\"hidden\" id=\"_wpnonce\" name=\"_wpnonce\" value=\"ef34f65713\" \/><input type=\"hidden\" name=\"_wp_http_referer\" value=\"\/home\/wp-json\/wp\/v2\/pages\/630\" \/>\n\t<div class=\"um-col-alt\">\n\n\t\t\n\t\t\t<div class=\"um-left um-half\">\n\t\t\t\t<input type=\"submit\" value=\"Registro\" class=\"um-button\" id=\"um-submit-btn\" \/>\n\t\t\t<\/div>\n\t\t\t<div class=\"um-right um-half\">\n\t\t\t\t<a href=\"https:\/\/www.consejodecuencalermachapala.com\/home\/login\/\" class=\"um-button um-alt\">\n\t\t\t\t\tAcceder\t\t\t\t<\/a>\n\t\t\t<\/div>\n\n\t\t\n\t\t<div class=\"um-clear\"><\/div>\n\n\t<\/div>\n\n\t\t\t<\/form>\n\t<\/div>\n<\/div>\n<style>\n\t\t\t.um-638.um {\n\t\t\tmax-width: 450px;\n\t\t}\n\t\t<\/style>\n\n","protected":false},"excerpt":{"rendered":"","protected":false},"author":3,"featured_media":0,"parent":0,"menu_order":0,"comment_status":"closed","ping_status":"closed","template":"","meta":{"footnotes":""},"class_list":["post-630","page","type-page","status-publish","hentry"],"yoast_head":"<!-- This site is optimized with the Yoast SEO plugin v22.4 - https:\/\/yoast.com\/wordpress\/plugins\/seo\/ -->\n<title>Registro -<\/title>\n<meta name=\"description\" content=\"Te invitamos a registrarte para enriquecer el di\u00e1logo en nuestra comunidad. Recibir\u00e1s invitaciones e informaci\u00f3n adicional del Consejo.\" \/>\n<meta name=\"robots\" content=\"index, follow, max-snippet:-1, max-image-preview:large, max-video-preview:-1\" \/>\n<link rel=\"canonical\" href=\"https:\/\/www.consejodecuencalermachapala.com\/home\/registro\/\" \/>\n<meta property=\"og:locale\" content=\"es_ES\" \/>\n<meta property=\"og:type\" content=\"article\" \/>\n<meta property=\"og:title\" content=\"Registro -\" \/>\n<meta property=\"og:description\" content=\"Te invitamos a registrarte para enriquecer el di\u00e1logo en nuestra comunidad. Recibir\u00e1s invitaciones e informaci\u00f3n adicional del Consejo.\" \/>\n<meta property=\"og:url\" content=\"https:\/\/www.consejodecuencalermachapala.com\/home\/registro\/\" \/>\n<meta property=\"article:modified_time\" content=\"2024-03-24T20:58:22+00:00\" \/>\n<meta name=\"twitter:card\" content=\"summary_large_image\" \/>\n<meta name=\"twitter:label1\" content=\"Tiempo de lectura\" \/>\n\t<meta name=\"twitter:data1\" content=\"1 minuto\" \/>\n<script type=\"application\/ld+json\" class=\"yoast-schema-graph\">{\"@context\":\"https:\/\/schema.org\",\"@graph\":[{\"@type\":\"WebPage\",\"@id\":\"https:\/\/www.consejodecuencalermachapala.com\/home\/registro\/\",\"url\":\"https:\/\/www.consejodecuencalermachapala.com\/home\/registro\/\",\"name\":\"Registro -\",\"isPartOf\":{\"@id\":\"https:\/\/www.consejodecuencalermachapala.com\/home\/#website\"},\"datePublished\":\"2024-03-24T16:51:06+00:00\",\"dateModified\":\"2024-03-24T20:58:22+00:00\",\"description\":\"Te invitamos a registrarte para enriquecer el di\u00e1logo en nuestra comunidad. Recibir\u00e1s invitaciones e informaci\u00f3n adicional del Consejo.\",\"breadcrumb\":{\"@id\":\"https:\/\/www.consejodecuencalermachapala.com\/home\/registro\/#breadcrumb\"},\"inLanguage\":\"es\",\"potentialAction\":[{\"@type\":\"ReadAction\",\"target\":[\"https:\/\/www.consejodecuencalermachapala.com\/home\/registro\/\"]}]},{\"@type\":\"BreadcrumbList\",\"@id\":\"https:\/\/www.consejodecuencalermachapala.com\/home\/registro\/#breadcrumb\",\"itemListElement\":[{\"@type\":\"ListItem\",\"position\":1,\"name\":\"Inicio\",\"item\":\"https:\/\/www.consejodecuencalermachapala.com\/home\/\"},{\"@type\":\"ListItem\",\"position\":2,\"name\":\"Registro\"}]},{\"@type\":\"WebSite\",\"@id\":\"https:\/\/www.consejodecuencalermachapala.com\/home\/#website\",\"url\":\"https:\/\/www.consejodecuencalermachapala.com\/home\/\",\"name\":\"\",\"description\":\"\",\"potentialAction\":[{\"@type\":\"SearchAction\",\"target\":{\"@type\":\"EntryPoint\",\"urlTemplate\":\"https:\/\/www.consejodecuencalermachapala.com\/home\/?s={search_term_string}\"},\"query-input\":\"required name=search_term_string\"}],\"inLanguage\":\"es\"}]}<\/script>\n<!-- \/ Yoast SEO plugin. -->","yoast_head_json":{"title":"Registro -","description":"Te invitamos a registrarte para enriquecer el di\u00e1logo en nuestra comunidad. Recibir\u00e1s invitaciones e informaci\u00f3n adicional del Consejo.","robots":{"index":"index","follow":"follow","max-snippet":"max-snippet:-1","max-image-preview":"max-image-preview:large","max-video-preview":"max-video-preview:-1"},"canonical":"https:\/\/www.consejodecuencalermachapala.com\/home\/registro\/","og_locale":"es_ES","og_type":"article","og_title":"Registro -","og_description":"Te invitamos a registrarte para enriquecer el di\u00e1logo en nuestra comunidad. Recibir\u00e1s invitaciones e informaci\u00f3n adicional del Consejo.","og_url":"https:\/\/www.consejodecuencalermachapala.com\/home\/registro\/","article_modified_time":"2024-03-24T20:58:22+00:00","twitter_card":"summary_large_image","twitter_misc":{"Tiempo de lectura":"1 minuto"},"schema":{"@context":"https:\/\/schema.org","@graph":[{"@type":"WebPage","@id":"https:\/\/www.consejodecuencalermachapala.com\/home\/registro\/","url":"https:\/\/www.consejodecuencalermachapala.com\/home\/registro\/","name":"Registro -","isPartOf":{"@id":"https:\/\/www.consejodecuencalermachapala.com\/home\/#website"},"datePublished":"2024-03-24T16:51:06+00:00","dateModified":"2024-03-24T20:58:22+00:00","description":"Te invitamos a registrarte para enriquecer el di\u00e1logo en nuestra comunidad. Recibir\u00e1s invitaciones e informaci\u00f3n adicional del Consejo.","breadcrumb":{"@id":"https:\/\/www.consejodecuencalermachapala.com\/home\/registro\/#breadcrumb"},"inLanguage":"es","potentialAction":[{"@type":"ReadAction","target":["https:\/\/www.consejodecuencalermachapala.com\/home\/registro\/"]}]},{"@type":"BreadcrumbList","@id":"https:\/\/www.consejodecuencalermachapala.com\/home\/registro\/#breadcrumb","itemListElement":[{"@type":"ListItem","position":1,"name":"Inicio","item":"https:\/\/www.consejodecuencalermachapala.com\/home\/"},{"@type":"ListItem","position":2,"name":"Registro"}]},{"@type":"WebSite","@id":"https:\/\/www.consejodecuencalermachapala.com\/home\/#website","url":"https:\/\/www.consejodecuencalermachapala.com\/home\/","name":"","description":"","potentialAction":[{"@type":"SearchAction","target":{"@type":"EntryPoint","urlTemplate":"https:\/\/www.consejodecuencalermachapala.com\/home\/?s={search_term_string}"},"query-input":"required name=search_term_string"}],"inLanguage":"es"}]}},"_links":{"self":[{"href":"https:\/\/www.consejodecuencalermachapala.com\/home\/wp-json\/wp\/v2\/pages\/630","targetHints":{"allow":["GET"]}}],"collection":[{"href":"https:\/\/www.consejodecuencalermachapala.com\/home\/wp-json\/wp\/v2\/pages"}],"about":[{"href":"https:\/\/www.consejodecuencalermachapala.com\/home\/wp-json\/wp\/v2\/types\/page"}],"author":[{"embeddable":true,"href":"https:\/\/www.consejodecuencalermachapala.com\/home\/wp-json\/wp\/v2\/users\/3"}],"replies":[{"embeddable":true,"href":"https:\/\/www.consejodecuencalermachapala.com\/home\/wp-json\/wp\/v2\/comments?post=630"}],"version-history":[{"count":2,"href":"https:\/\/www.consejodecuencalermachapala.com\/home\/wp-json\/wp\/v2\/pages\/630\/revisions"}],"predecessor-version":[{"id":639,"href":"https:\/\/www.consejodecuencalermachapala.com\/home\/wp-json\/wp\/v2\/pages\/630\/revisions\/639"}],"wp:attachment":[{"href":"https:\/\/www.consejodecuencalermachapala.com\/home\/wp-json\/wp\/v2\/media?parent=630"}],"curies":[{"name":"wp","href":"https:\/\/api.w.org\/{rel}","templated":true}]}}